{"id":132,"date":"2024-09-29T14:24:16","date_gmt":"2024-09-29T11:24:16","guid":{"rendered":"https:\/\/validthemes.net\/themeforest\/wp\/dustra\/?page_id=132"},"modified":"2024-09-30T13:52:26","modified_gmt":"2024-09-30T10:52:26","slug":"contact","status":"publish","type":"page","link":"https:\/\/zafereminnakliyat.com.tr\/index.php\/contact\/","title":{"rendered":"\u0130leti\u015fim"},"content":{"rendered":"\t\t<div data-elementor-type=\"wp-page\" data-elementor-id=\"132\" class=\"elementor elementor-132\">\n\t\t\t\t<div class=\"elementor-element elementor-element-c1be27c e-grid e-con-boxed e-con e-parent\" data-id=\"c1be27c\" data-element_type=\"container\">\n\t\t\t\t\t<div class=\"e-con-inner\">\n\t\t\t\t<div class=\"elementor-element elementor-element-1b13427 elementor-widget elementor-widget-text-editor\" data-id=\"1b13427\" data-element_type=\"widget\" data-widget_type=\"text-editor.default\">\n\t\t\t\t<div class=\"elementor-widget-container\">\n\t\t\t\t\t\t\t<iframe src=\"https:\/\/www.google.com\/maps\/embed?pb=!1m14!1m12!1m3!1d335.79280880896147!2d34.63080075053245!3d36.80372791183569!2m3!1f0!2f0!3f0!3m2!1i1024!2i768!4f13.1!5e0!3m2!1str!2str!4v1727693405262!5m2!1str!2str\" width=\"600\" height=\"450\" style=\"border:0;\" allowfullscreen=\"\" loading=\"lazy\" referrerpolicy=\"no-referrer-when-downgrade\"><\/iframe>\t\t\t\t\t\t<\/div>\n\t\t\t\t<\/div>\n\t\t\t\t<div class=\"elementor-element elementor-element-c1ee538 elementor-widget elementor-widget-text-editor\" data-id=\"c1ee538\" data-element_type=\"widget\" data-widget_type=\"text-editor.default\">\n\t\t\t\t<div class=\"elementor-widget-container\">\n\t\t\t\t\t\t\t<h3><strong>Bize Ula\u015f\u0131n<\/strong><\/h3><ul><li>Yetkili: Nejdet \u015eeng\u00fcl<\/li><li>Email: zaferzaferemin@hotmail.com<\/li><li>Telefon: 0 324 233 20\u00a001<\/li><li>Telefon: 0 324 233 20\u00a019<\/li><li>Adres: Mesudiye Mah Cemal Pa\u015fa\u00a0 Cad Mustafa \u00dclgen Apt No 90 Kat 4 No 10\u00a0Akdeniz\u00a0Mersin<\/li><\/ul>\t\t\t\t\t\t<\/div>\n\t\t\t\t<\/div>\n\t\t\t\t\t<\/div>\n\t\t\t\t<\/div>\n\t\t\t\t<\/div>\n\t\t","protected":false},"excerpt":{"rendered":"<p>Bize Ula\u015f\u0131n Yetkili: Nejdet \u015eeng\u00fcl Email: zaferzaferemin@hotmail.com Telefon: 0 324 233 20\u00a001 Telefon: 0 324 233 20\u00a019 Adres: Mesudiye Mah Cemal Pa\u015fa\u00a0 Cad Mustafa \u00dclgen Apt No 90 Kat 4 No 10\u00a0Akdeniz\u00a0Mersin<\/p>\n","protected":false},"author":1,"featured_media":0,"parent":0,"menu_order":0,"comment_status":"closed","ping_status":"closed","template":"page-template\/dustra-template.php","meta":{"footnotes":""},"class_list":["post-132","page","type-page","status-publish","hentry"],"_links":{"self":[{"href":"https:\/\/zafereminnakliyat.com.tr\/index.php\/wp-json\/wp\/v2\/pages\/132","targetHints":{"allow":["GET"]}}],"collection":[{"href":"https:\/\/zafereminnakliyat.com.tr\/index.php\/wp-json\/wp\/v2\/pages"}],"about":[{"href":"https:\/\/zafereminnakliyat.com.tr\/index.php\/wp-json\/wp\/v2\/types\/page"}],"author":[{"embeddable":true,"href":"https:\/\/zafereminnakliyat.com.tr\/index.php\/wp-json\/wp\/v2\/users\/1"}],"replies":[{"embeddable":true,"href":"https:\/\/zafereminnakliyat.com.tr\/index.php\/wp-json\/wp\/v2\/comments?post=132"}],"version-history":[{"count":4,"href":"https:\/\/zafereminnakliyat.com.tr\/index.php\/wp-json\/wp\/v2\/pages\/132\/revisions"}],"predecessor-version":[{"id":2090,"href":"https:\/\/zafereminnakliyat.com.tr\/index.php\/wp-json\/wp\/v2\/pages\/132\/revisions\/2090"}],"wp:attachment":[{"href":"https:\/\/zafereminnakliyat.com.tr\/index.php\/wp-json\/wp\/v2\/media?parent=132"}],"curies":[{"name":"wp","href":"https:\/\/api.w.org\/{rel}","templated":true}]}}